{"id":187,"date":"2025-09-16T13:13:03","date_gmt":"2025-09-16T11:13:03","guid":{"rendered":"https:\/\/www.lekcommunication.com\/?page_id=187"},"modified":"2025-11-02T14:59:46","modified_gmt":"2025-11-02T13:59:46","slug":"nos-prestations","status":"publish","type":"page","link":"https:\/\/www.lekcommunication.com\/index.php\/nos-prestations\/","title":{"rendered":"Nos prestations"},"content":{"rendered":"<p>[et_pb_section fb_built=\u00a0\u00bb1&Prime; _builder_version=\u00a0\u00bb4.27.4&Prime; _module_preset=\u00a0\u00bbdefault\u00a0\u00bb global_colors_info=\u00a0\u00bb{}\u00a0\u00bb][et_pb_row column_structure=\u00a0\u00bb1_4,1_4,1_4,1_4&Prime; use_custom_gutter=\u00a0\u00bbon\u00a0\u00bb gutter_width=\u00a0\u00bb2&Prime; make_equal=\u00a0\u00bbon\u00a0\u00bb admin_label=\u00a0\u00bbServices\u00a0\u00bb _builder_version=\u00a0\u00bb4.27.4&Prime; background_color=\u00a0\u00bbrgba(255,255,255,0)\u00a0\u00bb max_width=\u00a0\u00bb80%\u00a0\u00bb custom_padding=\u00a0\u00bb25px||25px|\u00a0\u00bb border_radii=\u00a0\u00bbon|17px|17px|17px|17px\u00a0\u00bb use_custom_width=\u00a0\u00bbon\u00a0\u00bb width_unit=\u00a0\u00bboff\u00a0\u00bb locked=\u00a0\u00bboff\u00a0\u00bb global_colors_info=\u00a0\u00bb{}\u00a0\u00bb][et_pb_column type=\u00a0\u00bb1_4&Prime; _builder_version=\u00a0\u00bb4.16&Prime; custom_padding=\u00a0\u00bb|||\u00a0\u00bb global_colors_info=\u00a0\u00bb{}\u00a0\u00bb custom_padding__hover=\u00a0\u00bb|||\u00a0\u00bb][et_pb_blurb title=\u00a0\u00bbStrat\u00e9gie &#038; conseil\u00a0\u00bb use_icon=\u00a0\u00bbon\u00a0\u00bb font_icon=\u00a0\u00bb&#xe007;||divi||400&Prime; icon_color=\u00a0\u00bb#fcd21d\u00a0\u00bb image_icon_width=\u00a0\u00bb60px\u00a0\u00bb _builder_version=\u00a0\u00bb4.27.4&Prime; _dynamic_attributes=\u00a0\u00bblink_option_url\u00a0\u00bb header_font=\u00a0\u00bbMontserrat|on|||\u00a0\u00bb header_text_color=\u00a0\u00bb#353740&Prime; header_font_size=\u00a0\u00bb22px\u00a0\u00bb header_line_height=\u00a0\u00bb1.4em\u00a0\u00bb body_font=\u00a0\u00bbMontserrat||||\u00a0\u00bb body_text_color=\u00a0\u00bb#747d88&Prime; body_font_size=\u00a0\u00bb16px\u00a0\u00bb body_line_height=\u00a0\u00bb1.8em\u00a0\u00bb background_color=\u00a0\u00bb#FFFFFF\u00a0\u00bb text_orientation=\u00a0\u00bbcenter\u00a0\u00bb custom_padding=\u00a0\u00bb30px|30px|30px|30px\u00a0\u00bb animation_style=\u00a0\u00bbzoom\u00a0\u00bb link_option_url=\u00a0\u00bb@ET-DC@eyJkeW5hbWljIjp0cnVlLCJjb250ZW50IjoicG9zdF9saW5rX3VybF9wYWdlIiwic2V0dGluZ3MiOnsicG9zdF9pZCI6IjE0NSJ9fQ==@\u00a0\u00bb border_color_all=\u00a0\u00bb#e0e0e0&Prime; border_style_all=\u00a0\u00bbsolid\u00a0\u00bb box_shadow_style=\u00a0\u00bbpreset3&Prime; box_shadow_blur=\u00a0\u00bb12px\u00a0\u00bb box_shadow_spread=\u00a0\u00bb-80px\u00a0\u00bb box_shadow_horizontal_last_edited=\u00a0\u00bboff|desktop\u00a0\u00bb box_shadow_blur_tablet=\u00a0\u00bb12px\u00a0\u00bb box_shadow_blur_phone=\u00a0\u00bb12px\u00a0\u00bb box_shadow_blur_last_edited=\u00a0\u00bbon|desktop\u00a0\u00bb box_shadow_spread_tablet=\u00a0\u00bb-80px\u00a0\u00bb box_shadow_spread_phone=\u00a0\u00bb-80px\u00a0\u00bb box_shadow_spread_last_edited=\u00a0\u00bbon|desktop\u00a0\u00bb use_border_color=\u00a0\u00bbon\u00a0\u00bb border_color=\u00a0\u00bb#dddddd\u00a0\u00bb icon_font_size=\u00a0\u00bb60px\u00a0\u00bb global_colors_info=\u00a0\u00bb{}\u00a0\u00bb border_radii__hover_enabled=\u00a0\u00bbon|hover\u00a0\u00bb border_radii__hover=\u00a0\u00bbon|20px|20px|20px|20px\u00a0\u00bb border_width_all__hover_enabled=\u00a0\u00bbon|hover\u00a0\u00bb border_width_all__hover=\u00a0\u00bb1px\u00a0\u00bb box_shadow_color__hover_enabled=\u00a0\u00bbon|hover\u00a0\u00bb box_shadow_horizontal__hover_enabled=\u00a0\u00bbon|desktop\u00a0\u00bb box_shadow_blur__hover_enabled=\u00a0\u00bbon|hover\u00a0\u00bb box_shadow_spread__hover_enabled=\u00a0\u00bbon|hover\u00a0\u00bb box_shadow_spread__hover=\u00a0\u00bb-6px\u00a0\u00bb box_shadow_blur__hover=\u00a0\u00bb18px\u00a0\u00bb box_shadow_horizontal__hover=\u00a0\u00bb0px\u00a0\u00bb border_width_all_image__hover_enabled=\u00a0\u00bbon|desktop\u00a0\u00bb border_color_all__hover_enabled=\u00a0\u00bbon|hover\u00a0\u00bb border_color_all__hover=\u00a0\u00bb#FFFFFF\u00a0\u00bb]<\/p>\n<p><span>Et si nous vous aidions \u00e0 s\u00e9duire votre public cible avec une strat\u00e9gie de communication aux petits oignons ?<\/span><\/p>\n<p><span><\/span><\/p>\n<p>[\/et_pb_blurb][dsm_lottie _builder_version=\u00a0\u00bb4.27.4&Prime; _module_preset=\u00a0\u00bbdefault\u00a0\u00bb global_colors_info=\u00a0\u00bb{}\u00a0\u00bb][\/dsm_lottie][\/et_pb_column][et_pb_column type=\u00a0\u00bb1_4&Prime; _builder_version=\u00a0\u00bb4.16&Prime; custom_padding=\u00a0\u00bb|||\u00a0\u00bb global_colors_info=\u00a0\u00bb{}\u00a0\u00bb custom_padding__hover=\u00a0\u00bb|||\u00a0\u00bb][et_pb_blurb title=\u00a0\u00bbBranding\u00a0\u00bb use_icon=\u00a0\u00bbon\u00a0\u00bb font_icon=\u00a0\u00bb&#xf1e9;||fa||400&Prime; icon_color=\u00a0\u00bb#fcd21d\u00a0\u00bb image_icon_width=\u00a0\u00bb60px\u00a0\u00bb _builder_version=\u00a0\u00bb4.27.4&Prime; _dynamic_attributes=\u00a0\u00bblink_option_url\u00a0\u00bb header_font=\u00a0\u00bbMontserrat|on|||\u00a0\u00bb header_text_color=\u00a0\u00bb#353740&Prime; header_font_size=\u00a0\u00bb22px\u00a0\u00bb header_line_height=\u00a0\u00bb1.4em\u00a0\u00bb body_font=\u00a0\u00bbMontserrat||||\u00a0\u00bb body_text_color=\u00a0\u00bb#747d88&Prime; body_font_size=\u00a0\u00bb16px\u00a0\u00bb body_line_height=\u00a0\u00bb1.8em\u00a0\u00bb background_color=\u00a0\u00bb#FFFFFF\u00a0\u00bb text_orientation=\u00a0\u00bbcenter\u00a0\u00bb custom_padding=\u00a0\u00bb30px|30px|30px|30px\u00a0\u00bb animation_style=\u00a0\u00bbzoom\u00a0\u00bb link_option_url=\u00a0\u00bb@ET-DC@eyJkeW5hbWljIjp0cnVlLCJjb250ZW50IjoicG9zdF9saW5rX3VybF9wYWdlIiwic2V0dGluZ3MiOnsicG9zdF9pZCI6IjE0OCJ9fQ==@\u00a0\u00bb border_width_all=\u00a0\u00bb0px\u00a0\u00bb border_color_all=\u00a0\u00bb#e0e0e0&Prime; border_style_all=\u00a0\u00bbsolid\u00a0\u00bb box_shadow_style=\u00a0\u00bbpreset3&Prime; box_shadow_blur=\u00a0\u00bb12px\u00a0\u00bb box_shadow_spread=\u00a0\u00bb-80px\u00a0\u00bb box_shadow_blur_tablet=\u00a0\u00bb12px\u00a0\u00bb box_shadow_blur_phone=\u00a0\u00bb12px\u00a0\u00bb box_shadow_blur_last_edited=\u00a0\u00bbon|desktop\u00a0\u00bb box_shadow_spread_tablet=\u00a0\u00bb-80px\u00a0\u00bb box_shadow_spread_phone=\u00a0\u00bb-80px\u00a0\u00bb box_shadow_spread_last_edited=\u00a0\u00bbon|desktop\u00a0\u00bb use_border_color=\u00a0\u00bbon\u00a0\u00bb border_color=\u00a0\u00bb#dddddd\u00a0\u00bb icon_font_size=\u00a0\u00bb60px\u00a0\u00bb global_colors_info=\u00a0\u00bb{}\u00a0\u00bb border_width_all__hover=\u00a0\u00bb1px\u00a0\u00bb border_width_all__hover_enabled=\u00a0\u00bbon|hover\u00a0\u00bb box_shadow_horizontal__hover=\u00a0\u00bb0px\u00a0\u00bb box_shadow_horizontal__hover_enabled=\u00a0\u00bbon|desktop\u00a0\u00bb box_shadow_blur__hover=\u00a0\u00bb18px\u00a0\u00bb box_shadow_blur__hover_enabled=\u00a0\u00bbon|hover\u00a0\u00bb box_shadow_spread__hover=\u00a0\u00bb-6px\u00a0\u00bb box_shadow_spread__hover_enabled=\u00a0\u00bbon|hover\u00a0\u00bb border_width_all_image__hover_enabled=\u00a0\u00bbon|desktop\u00a0\u00bb border_radii__hover=\u00a0\u00bbon|20px|20px|20px|20px\u00a0\u00bb border_radii__hover_enabled=\u00a0\u00bbon|hover\u00a0\u00bb box_shadow_color__hover_enabled=\u00a0\u00bbon|hover\u00a0\u00bb]<\/p>\n<p><span>Et si nous transformions l&rsquo;ADN de votre structure ou institution en image, en couleurs, en formes\u2026 ?<\/span><\/p>\n<p>[\/et_pb_blurb][\/et_pb_column][et_pb_column type=\u00a0\u00bb1_4&Prime; _builder_version=\u00a0\u00bb4.16&Prime; custom_padding=\u00a0\u00bb|||\u00a0\u00bb global_colors_info=\u00a0\u00bb{}\u00a0\u00bb custom_padding__hover=\u00a0\u00bb|||\u00a0\u00bb][et_pb_blurb title=\u00a0\u00bbCr\u00e9ation graphique\u00a0\u00bb use_icon=\u00a0\u00bbon\u00a0\u00bb font_icon=\u00a0\u00bb&#xf247;||fa||400&Prime; icon_color=\u00a0\u00bb#fcd21d\u00a0\u00bb image_icon_width=\u00a0\u00bb60px\u00a0\u00bb _builder_version=\u00a0\u00bb4.27.4&Prime; _dynamic_attributes=\u00a0\u00bblink_option_url\u00a0\u00bb header_font=\u00a0\u00bbMontserrat|on|||\u00a0\u00bb header_text_color=\u00a0\u00bb#353740&Prime; header_font_size=\u00a0\u00bb22px\u00a0\u00bb header_line_height=\u00a0\u00bb1.4em\u00a0\u00bb body_font=\u00a0\u00bbMontserrat||||\u00a0\u00bb body_text_color=\u00a0\u00bb#747d88&Prime; body_font_size=\u00a0\u00bb16px\u00a0\u00bb body_line_height=\u00a0\u00bb1.8em\u00a0\u00bb background_color=\u00a0\u00bb#FFFFFF\u00a0\u00bb text_orientation=\u00a0\u00bbcenter\u00a0\u00bb custom_padding=\u00a0\u00bb30px|30px|30px|30px\u00a0\u00bb animation_style=\u00a0\u00bbzoom\u00a0\u00bb link_option_url=\u00a0\u00bb@ET-DC@eyJkeW5hbWljIjp0cnVlLCJjb250ZW50IjoicG9zdF9saW5rX3VybF9wYWdlIiwic2V0dGluZ3MiOnsicG9zdF9pZCI6IjE1MSJ9fQ==@\u00a0\u00bb border_width_all=\u00a0\u00bb0px\u00a0\u00bb border_color_all=\u00a0\u00bb#e0e0e0&Prime; border_style_all=\u00a0\u00bbsolid\u00a0\u00bb box_shadow_style=\u00a0\u00bbpreset3&Prime; box_shadow_blur=\u00a0\u00bb12px\u00a0\u00bb box_shadow_spread=\u00a0\u00bb-80px\u00a0\u00bb box_shadow_blur_tablet=\u00a0\u00bb12px\u00a0\u00bb box_shadow_blur_phone=\u00a0\u00bb12px\u00a0\u00bb box_shadow_blur_last_edited=\u00a0\u00bbon|desktop\u00a0\u00bb box_shadow_spread_tablet=\u00a0\u00bb-80px\u00a0\u00bb box_shadow_spread_phone=\u00a0\u00bb-80px\u00a0\u00bb box_shadow_spread_last_edited=\u00a0\u00bbon|desktop\u00a0\u00bb use_border_color=\u00a0\u00bbon\u00a0\u00bb border_color=\u00a0\u00bb#dddddd\u00a0\u00bb icon_font_size=\u00a0\u00bb60px\u00a0\u00bb global_colors_info=\u00a0\u00bb{}\u00a0\u00bb border_width_all__hover=\u00a0\u00bb1px\u00a0\u00bb border_width_all__hover_enabled=\u00a0\u00bbon|hover\u00a0\u00bb box_shadow_horizontal__hover=\u00a0\u00bb0px\u00a0\u00bb box_shadow_horizontal__hover_enabled=\u00a0\u00bbon|desktop\u00a0\u00bb box_shadow_blur__hover=\u00a0\u00bb18px\u00a0\u00bb box_shadow_blur__hover_enabled=\u00a0\u00bbon|hover\u00a0\u00bb box_shadow_spread__hover=\u00a0\u00bb-6px\u00a0\u00bb box_shadow_spread__hover_enabled=\u00a0\u00bbon|hover\u00a0\u00bb border_width_all_image__hover_enabled=\u00a0\u00bbon|desktop\u00a0\u00bb border_radii__hover=\u00a0\u00bbon|20px|20px|20px|20px\u00a0\u00bb border_radii__hover_enabled=\u00a0\u00bbon|hover\u00a0\u00bb box_shadow_color__hover_enabled=\u00a0\u00bbon|hover\u00a0\u00bb]<\/p>\n<p><span>Et si nous vous concoctions des supports de communication uniques et impactants ?<\/span><\/p>\n<p>[\/et_pb_blurb][\/et_pb_column][et_pb_column type=\u00a0\u00bb1_4&Prime; _builder_version=\u00a0\u00bb4.16&Prime; custom_padding=\u00a0\u00bb|||\u00a0\u00bb global_colors_info=\u00a0\u00bb{}\u00a0\u00bb custom_padding__hover=\u00a0\u00bb|||\u00a0\u00bb][et_pb_blurb title=\u00a0\u00bbSite internet\u00a0\u00bb use_icon=\u00a0\u00bbon\u00a0\u00bb font_icon=\u00a0\u00bb&#xe00e;||divi||400&Prime; icon_color=\u00a0\u00bb#fcd21d\u00a0\u00bb image_icon_width=\u00a0\u00bb60px\u00a0\u00bb _builder_version=\u00a0\u00bb4.27.4&Prime; _dynamic_attributes=\u00a0\u00bblink_option_url\u00a0\u00bb header_font=\u00a0\u00bbMontserrat|on|||\u00a0\u00bb header_text_color=\u00a0\u00bb#353740&Prime; header_font_size=\u00a0\u00bb22px\u00a0\u00bb header_line_height=\u00a0\u00bb1.4em\u00a0\u00bb body_font=\u00a0\u00bbMontserrat||||\u00a0\u00bb body_text_color=\u00a0\u00bb#747d88&Prime; body_font_size=\u00a0\u00bb16px\u00a0\u00bb body_line_height=\u00a0\u00bb1.8em\u00a0\u00bb background_color=\u00a0\u00bb#FFFFFF\u00a0\u00bb text_orientation=\u00a0\u00bbcenter\u00a0\u00bb custom_padding=\u00a0\u00bb30px|30px|30px|30px\u00a0\u00bb animation_style=\u00a0\u00bbzoom\u00a0\u00bb link_option_url=\u00a0\u00bb@ET-DC@eyJkeW5hbWljIjp0cnVlLCJjb250ZW50IjoicG9zdF9saW5rX3VybF9wYWdlIiwic2V0dGluZ3MiOnsicG9zdF9pZCI6IjE1NCJ9fQ==@\u00a0\u00bb border_width_all=\u00a0\u00bb0px\u00a0\u00bb border_color_all=\u00a0\u00bb#e0e0e0&Prime; border_style_all=\u00a0\u00bbsolid\u00a0\u00bb box_shadow_style=\u00a0\u00bbpreset3&Prime; box_shadow_blur=\u00a0\u00bb12px\u00a0\u00bb box_shadow_spread=\u00a0\u00bb-80px\u00a0\u00bb box_shadow_blur_tablet=\u00a0\u00bb12px\u00a0\u00bb box_shadow_blur_phone=\u00a0\u00bb12px\u00a0\u00bb box_shadow_blur_last_edited=\u00a0\u00bbon|desktop\u00a0\u00bb box_shadow_spread_tablet=\u00a0\u00bb-80px\u00a0\u00bb box_shadow_spread_phone=\u00a0\u00bb-80px\u00a0\u00bb box_shadow_spread_last_edited=\u00a0\u00bbon|desktop\u00a0\u00bb use_border_color=\u00a0\u00bbon\u00a0\u00bb border_color=\u00a0\u00bb#dddddd\u00a0\u00bb icon_font_size=\u00a0\u00bb60px\u00a0\u00bb global_colors_info=\u00a0\u00bb{}\u00a0\u00bb border_width_all__hover=\u00a0\u00bb1px\u00a0\u00bb border_width_all__hover_enabled=\u00a0\u00bbon|hover\u00a0\u00bb box_shadow_horizontal__hover=\u00a0\u00bb0px\u00a0\u00bb box_shadow_horizontal__hover_enabled=\u00a0\u00bbon|desktop\u00a0\u00bb box_shadow_blur__hover=\u00a0\u00bb18px\u00a0\u00bb box_shadow_blur__hover_enabled=\u00a0\u00bbon|hover\u00a0\u00bb box_shadow_spread__hover=\u00a0\u00bb-6px\u00a0\u00bb box_shadow_spread__hover_enabled=\u00a0\u00bbon|hover\u00a0\u00bb border_width_all_image__hover_enabled=\u00a0\u00bbon|desktop\u00a0\u00bb border_radii__hover=\u00a0\u00bbon|20px|20px|20px|20px\u00a0\u00bb border_radii__hover_enabled=\u00a0\u00bbon|hover\u00a0\u00bb box_shadow_color__hover_enabled=\u00a0\u00bbon|hover\u00a0\u00bb]<\/p>\n<p><span>Et si votre site internet alliait un design sur mesure, une ergonomie intuitive et un r\u00e9f\u00e9rencement SEO efficace ?<\/span><\/p>\n<p>[\/et_pb_blurb][\/et_pb_column][\/et_pb_row][\/et_pb_section]<\/p>\n","protected":false},"excerpt":{"rendered":"<p>Et si nous vous aidions \u00e0 s\u00e9duire votre public cible avec une strat\u00e9gie de communication aux petits oignons ? <div class=\"et_pb_module dsm_lottie dsm_lottie_0\">\n\t\t\t\t\n\t\t\t\t\n\t\t\t\t\n\t\t\t\t\n\t\t\t\t\n\t\t\t\t\n\t\t\t\t<div class=\"et_pb_module_inner\">\n\t\t\t\t\t<div class=\"dsm_lottie_wrapper\" data-percent-viewport=\"\" data-params={&quot;path&quot;:&quot;&quot;,&quot;loop&quot;:true,&quot;loop_no&quot;:&quot;&quot;,&quot;delay&quot;:&quot;0ms&quot;,&quot;direction&quot;:&quot;1&quot;,&quot;speed&quot;:&quot;1&quot;,&quot;hover&quot;:false,&quot;trigger&quot;:&quot;on_hover&quot;,&quot;scroll&quot;:&quot;on_hover&quot;,&quot;mouseout&quot;:&quot;no_action&quot;,&quot;viewport&quot;:&quot;80%&quot;}>\n\t\t\t<\/div>\n\t\t\t\t<\/div>\n\t\t\t<\/div>Et si nous transformions l&rsquo;ADN de votre structure ou institution en image, en couleurs, en formes\u2026 ?Et si nous vous concoctions des supports de communication uniques et impactants ?Et si votre site internet alliait un design sur mesure, une ergonomie intuitive et un r\u00e9f\u00e9rencement SEO efficace ?<\/p>\n","protected":false},"author":1,"featured_media":0,"parent":0,"menu_order":0,"comment_status":"closed","ping_status":"closed","template":"","meta":{"_seopress_robots_primary_cat":"","_seopress_titles_title":"","_seopress_titles_desc":"","_seopress_robots_index":"","_et_pb_use_builder":"on","_et_pb_old_content":"","_et_gb_content_width":"","footnotes":""},"class_list":["post-187","page","type-page","status-publish","hentry"],"_links":{"self":[{"href":"https:\/\/www.lekcommunication.com\/index.php\/wp-json\/wp\/v2\/pages\/187","targetHints":{"allow":["GET"]}}],"collection":[{"href":"https:\/\/www.lekcommunication.com\/index.php\/wp-json\/wp\/v2\/pages"}],"about":[{"href":"https:\/\/www.lekcommunication.com\/index.php\/wp-json\/wp\/v2\/types\/page"}],"author":[{"embeddable":true,"href":"https:\/\/www.lekcommunication.com\/index.php\/wp-json\/wp\/v2\/users\/1"}],"replies":[{"embeddable":true,"href":"https:\/\/www.lekcommunication.com\/index.php\/wp-json\/wp\/v2\/comments?post=187"}],"version-history":[{"count":7,"href":"https:\/\/www.lekcommunication.com\/index.php\/wp-json\/wp\/v2\/pages\/187\/revisions"}],"predecessor-version":[{"id":555,"href":"https:\/\/www.lekcommunication.com\/index.php\/wp-json\/wp\/v2\/pages\/187\/revisions\/555"}],"wp:attachment":[{"href":"https:\/\/www.lekcommunication.com\/index.php\/wp-json\/wp\/v2\/media?parent=187"}],"curies":[{"name":"wp","href":"https:\/\/api.w.org\/{rel}","templated":true}]}}